{"id":623,"date":"2018-06-19T17:17:43","date_gmt":"2018-06-19T15:17:43","guid":{"rendered":"https:\/\/mayer.eseom.de\/?page_id=623"},"modified":"2019-01-13T13:06:07","modified_gmt":"2019-01-13T12:06:07","slug":"startseite","status":"publish","type":"page","link":"https:\/\/mayer-asset-management.com\/de\/","title":{"rendered":"Startseite"},"content":{"rendered":"<p>[vc_row full_width=&#8220;stretch_row_content_no_spaces&#8220;][vc_column][vc_single_image image=&#8220;178&#8243; img_size=&#8220;full&#8220; alignment=&#8220;center&#8220;][\/vc_column][\/vc_row][vc_row][vc_column][vc_custom_heading text=&#8220;Consulting Services &#8220; font_container=&#8220;tag:h1|text_align:left&#8220; use_theme_fonts=&#8220;yes&#8220; el_class=&#8220;with-main-border&#8220;][vc_single_image image=&#8220;572&#8243; img_size=&#8220;full&#8220; alignment=&#8220;center&#8220; css=&#8220;.vc_custom_1528285919704{padding-top: 25px !important;}&#8220; el_class=&#8220;img-top-margin&#8220;][\/vc_column][\/vc_row][vc_row][vc_column][vc_custom_heading text=&#8220;\u00dcberblick \u00fcber den Asset Management Verbesserungsprozess &#8220; font_container=&#8220;tag:h1|text_align:left&#8220; use_theme_fonts=&#8220;yes&#8220; el_class=&#8220;with-main-border&#8220;][vc_column_text]<\/p>\n<ul class=\"ul-list\">\n<li class=\"li-list\">Die Asset Management Unternehmensziele sind im Maintenance Programm des Produktionsstandorts integriert<\/li>\n<li class=\"li-list\">Die Asset Management Aktivit\u00e4ten werden periodisch \u00fcberpr\u00fcft und ggf. angepasst (z. B. j\u00e4hrlich)<\/li>\n<li class=\"li-list\">Verbesserungsbereiche werden zusammen mit dem Kunden anhand einer von uns unterst\u00fctzten Asset Management Selbstbeurteilung definiert und mit den Unternehmenszielen harmonisiert<\/li>\n<li class=\"li-list\">In der Maintenance Strategie werden die Verbesserungsbereiche mit den j\u00e4hrlichen Zielen f\u00fcr die n\u00e4chsten drei Jahre beschrieben<\/li>\n<\/ul>\n<p>[\/vc_column_text][\/vc_column][\/vc_row][vc_row][vc_column][vc_single_image image=&#8220;787&#8243; img_size=&#8220;full&#8220; alignment=&#8220;center&#8220; el_id=&#8220;cover-slide&#8220;][vc_single_image image=&#8220;789&#8243; img_size=&#8220;full&#8220; alignment=&#8220;center&#8220; el_id=&#8220;animated-slide-1&#8243;][vc_single_image image=&#8220;791&#8243; img_size=&#8220;full&#8220; alignment=&#8220;center&#8220; el_id=&#8220;animated-slide-2&#8243;][vc_single_image image=&#8220;793&#8243; img_size=&#8220;full&#8220; alignment=&#8220;center&#8220; el_id=&#8220;animated-slide-3&#8243;][vc_single_image image=&#8220;795&#8243; img_size=&#8220;full&#8220; alignment=&#8220;center&#8220; el_id=&#8220;animated-slide-4&#8243;][vc_raw_js]JTNDc2NyaXB0JTIwdHlwZSUzRCUyMnRleHQlMkZqYXZhc2NyaXB0JTIyJTNFJTBBJTBBYW5pbWF0aW9uX2RvbmUlMjAlM0QlMjAwJTNCJTBBYW5pbWF0aW9uX2RlbGF5JTIwJTNEJTIwMzAwMCUzQiUwQXdpbmRvdy5vbnNjcm9sbCUyMCUzRCUyMGZ1bmN0aW9uJTI4JTI5JTIwJTdCYW5pbWF0aW9uJTI4JTI5JTdEJTNCJTBBJTBBJTBBZnVuY3Rpb24lMjBhbmltYXRpb24lMjglMjklMjAlN0IlMEElMjAlMjAlMjAlMjBpZiUyMCUyOGFuaW1hdGlvbl9kb25lJTIwJTNEJTNEJTIwMCUyOSUyMCU3QiUwQSUyMCUyMCUyMCUyMCUyMCUyMCUyMCUyMGlmJTIwJTI4ZG9jdW1lbnQuZ2V0RWxlbWVudEJ5SWQlMjglMjdjb3Zlci1zbGlkZSUyNyUyOS5nZXRCb3VuZGluZ0NsaWVudFJlY3QlMjglMjkudG9wJTIwJTNDJTIwMjAwJTI5JTIwJTdCJTBBJTIwJTIwJTIwJTIwJTIwJTIwJTIwJTIwJTIwJTIwJTIwJTIwYW5pbWF0aW9uX2RvbmUlM0QlMjAxJTNCJTBBJTIwJTIwJTIwJTIwJTIwJTIwJTIwJTIwJTIwJTIwJTIwJTIwdHJpZ2dlcl9jbG91ZCUyODElMjklM0IlMEElMjAlMjAlMjAlMjAlMjAlMjAlMjAlMjAlN0QlMEElMjAlMjAlMjAlMjAlN0QlMjAlMjAlMjAlMjAlMEElN0QlMEElMEFmdW5jdGlvbiUyMHRyaWdnZXJfY2xvdWQlMjhsZXZlbCUyOSUyMCU3QiUwQSUyMCUyMCUyMCUyMGRvY3VtZW50LmdldEVsZW1lbnRCeUlkJTI4JTI3YW5pbWF0ZWQtc2xpZGUtJTI3JTIwJTJCJTIwJTI4bGV2ZWwlMjklMjkuY2xhc3NMaXN0LmFkZCUyOCUyN2ZhZGUtaW4lMjclMjklM0IlMEElMjAlMjAlMjAlMjBsZXZlbCUyQiUyQiUzQiUwQSUyMCUyMCUyMCUyMGlmJTIwJTI4bGV2ZWwlMjAlM0MlM0QlMjA0JTI5JTIwJTIwJTIwJTIwJTIwJTIwJTIwJTIwJTBBJTIwJTIwJTIwJTIwJTIwJTIwJTIwJTIwc2V0VGltZW91dCUyOGZ1bmN0aW9uJTI4JTI5JTdCJTIwdHJpZ2dlcl9jbG91ZCUyOGxldmVsJTI5JTNCJTIwJTdEJTJDJTIwYW5pbWF0aW9uX2RlbGF5JTI5JTNCJTBBJTdEJTBBJTBBJTNDJTJGc2NyaXB0JTNF[\/vc_raw_js][\/vc_column][\/vc_row][vc_row][vc_column][vc_btn title=&#8220;Services&#8220; style=&#8220;flat&#8220; shape=&#8220;square&#8220; color=&#8220;blue&#8220; i_align=&#8220;right&#8220; i_icon_fontawesome=&#8220;fa fa-angle-right&#8220; add_icon=&#8220;true&#8220; link=&#8220;url:%2Fde%2Fmaintenance-programm-maintenance-strategie%2F|||&#8220;][\/vc_column][\/vc_row][vc_row full_width=&#8220;stretch_row&#8220; parallax=&#8220;content-moving&#8220; parallax_image=&#8220;146&#8243; css=&#8220;.vc_custom_1523289223997{margin-top: 70px !important;padding-top: 70px !important;padding-bottom: 70px !important;}&#8220; el_class=&#8220;flex-row-parallax&#8220;][vc_column width=&#8220;1\/3&#8243;][vc_column_text css=&#8220;.vc_custom_1529997551823{margin-bottom: 0px !important;padding-bottom: 15px !important;}&#8220;]Willkommen!<\/p>\n<p>Mein Name ist Karl-Heinz Mayer<\/p>\n<p>Ich bin Ihr Experte f\u00fcr Asset Life Cycle Management, mit langj\u00e4hrigen praktischen Erfahrungen in diesem Bereich.<\/p>\n<p>Bitte kontaktieren Sie mich![\/vc_column_text][\/vc_column][vc_column width=&#8220;1\/3&#8243;][vc_single_image image=&#8220;313&#8243; img_size=&#8220;full&#8220; css=&#8220;.vc_custom_1522963391736{padding-top: 0px !important;padding-right: 0px !important;padding-bottom: 0px !important;padding-left: 0px !important;}&#8220;][\/vc_column][vc_column width=&#8220;1\/3&#8243;][vc_column_text css=&#8220;.vc_custom_1529515654340{margin-bottom: 0px !important;padding-bottom: 15px !important;}&#8220;]<strong>Kontaktinformation:<\/strong><\/p>\n<p><em>Email:<\/em>\u00a0<a href=\"mailto:karl-heinz.mayer@mayer-asset-management.com\">karl-heinz.mayer@mayer-asset-management.com<\/a><\/p>\n<p><em>Tel:<\/em>\u00a0 \u00a0 \u00a0 +49 7661 982277[\/vc_column_text][\/vc_column][\/vc_row][vc_row css=&#8220;.vc_custom_1520885955040{margin-top: 40px !important;margin-bottom: 70px !important;}&#8220;][vc_column width=&#8220;1\/3&#8243;][vc_column_text css=&#8220;.vc_custom_1529592838080{margin-bottom: 10px !important;}&#8220;]<span style=\"color: #777777;\">Lernen Sie mich kennen<\/span>[\/vc_column_text][vc_custom_heading text=&#8220;Kontaktieren Sie Ihren Experten&#8220; use_theme_fonts=&#8220;yes&#8220; el_class=&#8220;with-main-border&#8220;][vc_column_text]<span id=\"result_box\" lang=\"en\">Nutzen Sie meine langj\u00e4hrige Erfahrung im Bereich\u00a0<strong>Asset Lifecycle Management<\/strong>, die ich\u00a0in einem der gr\u00f6\u00dften Pharmaunternehmen der Welt gesammelt habe.<\/span><\/p>\n<p>Rufen Sie mich an oder schreiben Sie mir eine Email. Am besten, Sie benutzen einfach das Kontaktformular.<\/p>\n<p><span id=\"result_box\" lang=\"en\">Ich freue mich auf Ihre Nachricht!<\/span>[\/vc_column_text][\/vc_column][vc_column width=&#8220;2\/3&#8243;]<div role=\"form\" class=\"wpcf7\" id=\"wpcf7-f664-o1\" lang=\"de-DE\" dir=\"ltr\">\n<div class=\"screen-reader-response\"><\/div>\n<form action=\"\/de\/wp-json\/wp\/v2\/pages\/623#wpcf7-f664-o1\" method=\"post\" class=\"wpcf7-form\" novalidate=\"novalidate\">\n<div style=\"display: none;\">\n<input type=\"hidden\" name=\"_wpcf7\" value=\"664\" \/>\n<input type=\"hidden\" name=\"_wpcf7_version\" value=\"5.1.7\" \/>\n<input type=\"hidden\" name=\"_wpcf7_locale\" value=\"de_DE\" \/>\n<input type=\"hidden\" name=\"_wpcf7_unit_tag\" value=\"wpcf7-f664-o1\" \/>\n<input type=\"hidden\" name=\"_wpcf7_container_post\" value=\"0\" \/>\n<\/div>\n<div class=\"row contact-form-header\">\n                        <div class=\"col-md-12\">\n                            <ul class=\"fa-ul text-light\">\n                                <li><i class=\"fa-li fa fa-envelope-o\"><\/i> karl-heinz.mayer@mayer-asset-management.com<\/li>\n                            <\/ul>\n                        <\/div>\n                        <div class=\"col-md-6\">\n                            <ul class=\"fa-ul text-light\">\n                                <li><i class=\"fa-li fa fa-map-marker\"><\/i> Stollenmattenweg 16<br>\n                                     D-79254 Oberried<\/li>\n                            <\/ul>\n                        <\/div>\n                        <div class=\"col-md-6\">\n                            <ul class=\"fa-ul text-light\">\n                                <li><i class=\"fa-li fa fa-phone \"><\/i> +49 7661 982277<\/li>\n                            <\/ul>\n                        <\/div>\n                    <\/div>\n<div class=\"row\">\n<div class=\"col-md-6\">\n\n    <div class=\"form-group your-name\"><input class=\"wpcf7-form-control wpcf7-text wpcf7-validates-as-required form-control\" name=\"your-name\" type=\"text\" value=\"\" placeholder=\"Ihr Name\" aria-invalid=\"false\" aria-required=\"true\" required><\/div>\n<\/div>\n<div class=\"col-md-6\">\n\n    <div class=\"form-group your-email\"><input class=\"wpcf7-form-control wpcf7-text wpcf7-email wpcf7-validates-as-required wpcf7-validates-as-email form-control\" name=\"your-email\" type=\"email\" value=\"\" placeholder=\"Ihre Email-Adresse\" aria-invalid=\"false\" aria-required=\"true\" required><\/div> \n<\/div>\n<\/div>\n<div class=\"row\">\n<div class=\"col-md-12\">\n    <div class=\"form-group your-message\"><textarea class=\"wpcf7-form-control wpcf7-textarea form-control\" name=\"your-message\" rows=\"2\" placeholder=\"Ihre Nachricht\" aria-invalid=\"false\"><\/textarea><\/div>\n<\/div>\n<\/div>\n<div class=\"row\">\n<div class=\"col-md-12\">\n<div class=\"form-group wpcf7-form-control wpcf7-acceptance datenschutz-chb\"><div class=\"checkbox wpcf7-form-control wpcf7-acceptance datenschutz-chb\"><label  for=\"datenschutz-cbid\"><input id=\"datenschutz-cbid\" name=\"datenschutz-chb\" type=\"checkbox\" value=\"1\" aria-invalid=\"false\">Die hier eingegebenen Daten werden verschl\u00fcsselt an uns weitergeleitet. Wir nutzen diese Daten ausschlie\u00dflich zur Kontaktaufnahme beziehungsweise zur Bearbeitung Ihres Anliegens und geben diese Daten nicht weiter. Hiermit erkl\u00e4re ich mich einverstanden. \n\nWeitere Informationen finden Sie in unserer<\/label><\/div><\/div>.\n\n<script>\njQuery(document).ready(function ($) {\n$('label[for=datenschutz-cbid]').css('color','#fff');\n$('label[for=datenschutz-cbid]').append('<a href=\"\/de\/datenschutz\/\" id=\"datenschutzlink\"> Datenschutzerkl\u00e4rung<\/a>.');\n});\n<\/script>\n<\/div>\n<\/div>\n\n<button type=\"submit\" class=\"btn contact-form-btn\">Senden <i class=\"fa fa-envelope\"><\/i><\/button><div class=\"wpcf7-response-output wpcf7-display-none alert\"><\/div><\/form><\/div>[\/vc_column][\/vc_row]<\/p>\n","protected":false},"excerpt":{"rendered":"<p>[vc_row full_width=&#8220;stretch_row_content_no_spaces&#8220;][vc_column][vc_single_image image=&#8220;178&#8243; img_size=&#8220;full&#8220; alignment=&#8220;center&#8220;][\/vc_column][\/vc_row][vc_row][vc_column][vc_custom_heading text=&#8220;Consulting Services &#8220; font_container=&#8220;tag:h1|text_align:left&#8220; use_theme_fonts=&#8220;yes&#8220; el_class=&#8220;with-main-border&#8220;][vc_single_image image=&#8220;572&#8243; img_size=&#8220;full&#8220; alignment=&#8220;center&#8220; css=&#8220;.vc_custom_1528285919704{padding-top: 25px !important;}&#8220; el_class=&#8220;img-top-margin&#8220;][\/vc_column][\/vc_row][vc_row][vc_column][vc_custom_heading text=&#8220;\u00dcberblick \u00fcber den Asset Management Verbesserungsprozess &#8220; font_container=&#8220;tag:h1|text_align:left&#8220; use_theme_fonts=&#8220;yes&#8220; el_class=&#8220;with-main-border&#8220;][vc_column_text] Die Asset Management Unternehmensziele sind im Maintenance Programm des Produktionsstandorts integriert Die Asset Management Aktivit\u00e4ten werden periodisch \u00fcberpr\u00fcft und ggf. angepasst (z. B. j\u00e4hrlich) Verbesserungsbereiche werden zusammen [&hellip;]<\/p>\n","protected":false},"author":3,"featured_media":0,"parent":0,"menu_order":0,"comment_status":"closed","ping_status":"closed","template":"","meta":[],"_links":{"self":[{"href":"https:\/\/mayer-asset-management.com\/de\/wp-json\/wp\/v2\/pages\/623"}],"collection":[{"href":"https:\/\/mayer-asset-management.com\/de\/wp-json\/wp\/v2\/pages"}],"about":[{"href":"https:\/\/mayer-asset-management.com\/de\/wp-json\/wp\/v2\/types\/page"}],"author":[{"embeddable":true,"href":"https:\/\/mayer-asset-management.com\/de\/wp-json\/wp\/v2\/users\/3"}],"replies":[{"embeddable":true,"href":"https:\/\/mayer-asset-management.com\/de\/wp-json\/wp\/v2\/comments?post=623"}],"version-history":[{"count":21,"href":"https:\/\/mayer-asset-management.com\/de\/wp-json\/wp\/v2\/pages\/623\/revisions"}],"predecessor-version":[{"id":803,"href":"https:\/\/mayer-asset-management.com\/de\/wp-json\/wp\/v2\/pages\/623\/revisions\/803"}],"wp:attachment":[{"href":"https:\/\/mayer-asset-management.com\/de\/wp-json\/wp\/v2\/media?parent=623"}],"curies":[{"name":"wp","href":"https:\/\/api.w.org\/{rel}","templated":true}]}}