{"id":633,"date":"2018-06-19T17:20:58","date_gmt":"2018-06-19T15:20:58","guid":{"rendered":"https:\/\/mayer.eseom.de\/?page_id=633"},"modified":"2018-06-20T19:43:01","modified_gmt":"2018-06-20T17:43:01","slug":"maintenance-programm-maintenance-strategie","status":"publish","type":"page","link":"https:\/\/mayer-asset-management.com\/de\/maintenance-programm-maintenance-strategie\/","title":{"rendered":"Maintenance Programm &#038; Maintenance Strategie"},"content":{"rendered":"<p>[vc_row full_width=&#8220;stretch_row&#8220; el_class=&#8220;header-block&#8220;][vc_column][vc_custom_heading text=&#8220;Maintenance Programm &#038; Maintenance Strategie&#8220; font_container=&#8220;tag:h1|text_align:left&#8220; use_theme_fonts=&#8220;yes&#8220; el_class=&#8220;with-main-border&#8220;][vc_column_text]<\/p>\n<ul class=\"ul-list\">\n<li class=\"li-list\">Im Maintenance Programm sind die aktuellen vorhandenen Asset Management Prozesse beschrieben und dargestellt<\/li>\n<li class=\"li-list\">Die Maintenance Strategie beschreibt die zuk\u00fcnftigen Asset Management Prozesse und Verbesserungen f\u00fcr die n\u00e4chsten 1-3 Jahre und wie diese implementiert werden<\/li>\n<li class=\"li-list\">Mit dem MAMSSA Assessment Fragenkatalog \u00fcberpr\u00fcfen wir die Asset Management Organisation, die Prozesse und Abl\u00e4ufe, zusammen mit dem Kunden<\/li>\n<li class=\"li-list\">Unsere Kunden werden von uns bei der Definition von zuk\u00fcnftigen Verbesserungen unterst\u00fctzt, die Verbesserungen leiten sich ab aus dem MAMSSA Ergebnis und mit dem Maintenance Program Maturity Model (Anlehnung an ISO 55000)<\/li>\n<\/ul>\n<p>[\/vc_column_text][vc_single_image image=&#8220;483&#8243; img_size=&#8220;full&#8220; alignment=&#8220;center&#8220; el_class=&#8220;img-top-margin&#8220;][\/vc_column][\/vc_row][vc_row][vc_column][vc_btn title=&#8220;Unterst\u00fctztes Selbst-Assessment&#8220; style=&#8220;flat&#8220; shape=&#8220;square&#8220; color=&#8220;blue&#8220; i_align=&#8220;right&#8220; i_icon_fontawesome=&#8220;fa fa-chevron-right&#8220; add_icon=&#8220;true&#8220; link=&#8220;url:%2Fde%2Funterstuetztes-selbst-assessment%2F|||&#8220;][\/vc_column][\/vc_row]<\/p>\n","protected":false},"excerpt":{"rendered":"<p>[vc_row full_width=&#8220;stretch_row&#8220; el_class=&#8220;header-block&#8220;][vc_column][vc_custom_heading text=&#8220;Maintenance Programm &#038; Maintenance Strategie&#8220; font_container=&#8220;tag:h1|text_align:left&#8220; use_theme_fonts=&#8220;yes&#8220; el_class=&#8220;with-main-border&#8220;][vc_column_text] Im Maintenance Programm sind die aktuellen vorhandenen Asset Management Prozesse beschrieben und dargestellt Die Maintenance Strategie beschreibt die zuk\u00fcnftigen Asset Management Prozesse und Verbesserungen f\u00fcr die n\u00e4chsten 1-3 Jahre und wie diese implementiert werden Mit dem MAMSSA Assessment Fragenkatalog \u00fcberpr\u00fcfen wir die Asset Management [&hellip;]<\/p>\n","protected":false},"author":3,"featured_media":0,"parent":0,"menu_order":0,"comment_status":"closed","ping_status":"closed","template":"","meta":[],"_links":{"self":[{"href":"https:\/\/mayer-asset-management.com\/de\/wp-json\/wp\/v2\/pages\/633"}],"collection":[{"href":"https:\/\/mayer-asset-management.com\/de\/wp-json\/wp\/v2\/pages"}],"about":[{"href":"https:\/\/mayer-asset-management.com\/de\/wp-json\/wp\/v2\/types\/page"}],"author":[{"embeddable":true,"href":"https:\/\/mayer-asset-management.com\/de\/wp-json\/wp\/v2\/users\/3"}],"replies":[{"embeddable":true,"href":"https:\/\/mayer-asset-management.com\/de\/wp-json\/wp\/v2\/comments?post=633"}],"version-history":[{"count":6,"href":"https:\/\/mayer-asset-management.com\/de\/wp-json\/wp\/v2\/pages\/633\/revisions"}],"predecessor-version":[{"id":699,"href":"https:\/\/mayer-asset-management.com\/de\/wp-json\/wp\/v2\/pages\/633\/revisions\/699"}],"wp:attachment":[{"href":"https:\/\/mayer-asset-management.com\/de\/wp-json\/wp\/v2\/media?parent=633"}],"curies":[{"name":"wp","href":"https:\/\/api.w.org\/{rel}","templated":true}]}}